{"id":1514,"date":"2023-01-10T09:50:25","date_gmt":"2023-01-10T08:50:25","guid":{"rendered":"https:\/\/letzeburger.lu\/news\/"},"modified":"2023-01-17T17:35:14","modified_gmt":"2023-01-17T16:35:14","slug":"news","status":"publish","type":"page","link":"https:\/\/letzeburger.lu\/lu\/news\/","title":{"rendered":"News"},"content":{"rendered":"\n\n\t<section class=\"section\" id=\"section_422469635\">\n\t\t<div class=\"section-bg fill\" >\n\t\t\t\t\t\t\t\t\t\n\t\t\t\n\n\t\t<\/div>\n\n\t\t\n\n\t\t<div class=\"section-content relative\">\n\t\t\t\n\n<div class=\"row\"  id=\"row-1517417519\">\n\n\n\t<div id=\"col-1524234173\" class=\"col small-12 large-12\"  >\n\t\t\t\t<div class=\"col-inner dark\"  >\n\t\t\t\n\t\t\t\n\n\t<div id=\"text-254902662\" class=\"text btitle uppercase\">\n\t\t\n\n<h2>News<\/h2>\n\t\t\t<\/div>\n\t\n\n\t\t<\/div>\n\t\t\t\t\t<\/div>\n\n\t\n\n\t<div id=\"col-2044335755\" class=\"col bposts small-12 large-12\"  >\n\t\t\t\t<div class=\"col-inner text-left dark\"  >\n\t\t\t\n\t\t\t\n\n\n  \n    <div class=\"row large-columns-3 medium-columns-1 small-columns-1\" >\n  <div class=\"col post-item\" >\n\t\t\t<div class=\"col-inner\">\n\t\t\t\t<div class=\"box box-default box-text-bottom box-blog-post has-hover\">\n            \t\t\t\t\t<div class=\"box-image\" >\n  \t\t\t\t\t\t<div class=\"image-zoom image-cover\" style=\"padding-top:56.25%;\">\n\t\t\t\t\t\t\t<a href=\"https:\/\/letzeburger.lu\/lu\/profiteiere-foodtrucks-vun-der-aktueller-pandemie\/\" class=\"plain\" aria-label=\"Profit\u00e9iere Foodtrucks vun der aktueller Pandemie?\">\n\t\t\t\t\t\t\t\t<img decoding=\"async\" width=\"781\" height=\"400\" src=\"https:\/\/letzeburger.lu\/wp-content\/uploads\/2023\/01\/interview-04-781x400.jpg\" class=\"attachment-medium size-medium wp-post-image\" alt=\"\" srcset=\"https:\/\/letzeburger.lu\/wp-content\/uploads\/2023\/01\/interview-04-781x400.jpg 781w, https:\/\/letzeburger.lu\/wp-content\/uploads\/2023\/01\/interview-04-768x393.jpg 768w, https:\/\/letzeburger.lu\/wp-content\/uploads\/2023\/01\/interview-04.jpg 793w\" sizes=\"(max-width: 781px) 100vw, 781px\" \/>\t\t\t\t\t\t\t<\/a>\n  \t\t\t\t\t\t\t  \t\t\t\t\t\t\t  \t\t\t\t\t\t<\/div>\n  \t\t\t\t\t\t  \t\t\t\t\t<\/div>\n          \t\t\t\t\t<div class=\"box-text text-center\" >\n\t\t\t\t\t<div class=\"box-text-inner blog-post-inner\">\n\n\t\t\t\t\t\n\t\t\t\t\t\t\t\t\t\t<h5 class=\"post-title is-large \">\n\t\t\t\t\t\t<a href=\"https:\/\/letzeburger.lu\/lu\/profiteiere-foodtrucks-vun-der-aktueller-pandemie\/\" class=\"plain\">Profit\u00e9iere Foodtrucks vun der aktueller Pandemie?<\/a>\n\t\t\t\t\t<\/h5>\n\t\t\t\t\t\t\t\t\t\t<div class=\"is-divider\"><\/div>\n\t\t\t\t\t\t\t\t\t\t<p class=\"from_the_blog_excerpt \">\n\t\t\t\t\t\tZu L\u00ebtzebuerg kommen \u00ebmmer m\u00e9i Foodtrucks an den Asaz. Virun allem op gr\u00e9isseren Evenementer lackele [...]\t\t\t\t\t<\/p>\n\t\t\t\t\t                    \n\t\t\t\t\t\t\t\t\t\t\t<a href=\"https:\/\/letzeburger.lu\/lu\/profiteiere-foodtrucks-vun-der-aktueller-pandemie\/\" class=\"button white is-outline is-small mb-0\">\n\t\t\t\t\t\t\tWeiderliesen M\u00e9i\t\t\t\t\t\t<\/a>\n\t\t\t\t\t\n\t\t\t\t\t\n\t\t\t\t\t<\/div>\n\t\t\t\t\t<\/div>\n\t\t\t\t\t\t\t\t\t<\/div>\n\t\t\t<\/div>\n\t\t<\/div><div class=\"col post-item\" >\n\t\t\t<div class=\"col-inner\">\n\t\t\t\t<div class=\"box box-default box-text-bottom box-blog-post has-hover\">\n            \t\t\t\t\t<div class=\"box-image\" >\n  \t\t\t\t\t\t<div class=\"image-zoom image-cover\" style=\"padding-top:56.25%;\">\n\t\t\t\t\t\t\t<a href=\"https:\/\/letzeburger.lu\/lu\/letzeburger-7-schuler-an-ee-foodtruck\/\" class=\"plain\" aria-label=\"L\u00ebtzeburger: 7 Sch\u00fcler an ee Foodtruck\">\n\t\t\t\t\t\t\t\t<img decoding=\"async\" width=\"789\" height=\"400\" src=\"https:\/\/letzeburger.lu\/wp-content\/uploads\/2023\/01\/interview-03-789x400.jpg\" class=\"attachment-medium size-medium wp-post-image\" alt=\"\" srcset=\"https:\/\/letzeburger.lu\/wp-content\/uploads\/2023\/01\/interview-03-789x400.jpg 789w, https:\/\/letzeburger.lu\/wp-content\/uploads\/2023\/01\/interview-03-768x389.jpg 768w, https:\/\/letzeburger.lu\/wp-content\/uploads\/2023\/01\/interview-03.jpg 795w\" sizes=\"(max-width: 789px) 100vw, 789px\" \/>\t\t\t\t\t\t\t<\/a>\n  \t\t\t\t\t\t\t  \t\t\t\t\t\t\t  \t\t\t\t\t\t<\/div>\n  \t\t\t\t\t\t  \t\t\t\t\t<\/div>\n          \t\t\t\t\t<div class=\"box-text text-center\" >\n\t\t\t\t\t<div class=\"box-text-inner blog-post-inner\">\n\n\t\t\t\t\t\n\t\t\t\t\t\t\t\t\t\t<h5 class=\"post-title is-large \">\n\t\t\t\t\t\t<a href=\"https:\/\/letzeburger.lu\/lu\/letzeburger-7-schuler-an-ee-foodtruck\/\" class=\"plain\">L\u00ebtzeburger: 7 Sch\u00fcler an ee Foodtruck<\/a>\n\t\t\t\t\t<\/h5>\n\t\t\t\t\t\t\t\t\t\t<div class=\"is-divider\"><\/div>\n\t\t\t\t\t\t\t\t\t\t<p class=\"from_the_blog_excerpt \">\n\t\t\t\t\t\tL\u00ebtzeburger &#8211; mat d\u00ebsem Numm wollte Bartrenger Sch\u00fcler Foodtrucke ronder\u00ebm d&#8217;Lyc\u00e9e&#8217;e stellen. An d&#8217;Finall koume [...]\t\t\t\t\t<\/p>\n\t\t\t\t\t                    \n\t\t\t\t\t\t\t\t\t\t\t<a href=\"https:\/\/letzeburger.lu\/lu\/letzeburger-7-schuler-an-ee-foodtruck\/\" class=\"button white is-outline is-small mb-0\">\n\t\t\t\t\t\t\tWeiderliesen M\u00e9i\t\t\t\t\t\t<\/a>\n\t\t\t\t\t\n\t\t\t\t\t\n\t\t\t\t\t<\/div>\n\t\t\t\t\t<\/div>\n\t\t\t\t\t\t\t\t\t<\/div>\n\t\t\t<\/div>\n\t\t<\/div><div class=\"col post-item\" >\n\t\t\t<div class=\"col-inner\">\n\t\t\t\t<div class=\"box box-default box-text-bottom box-blog-post has-hover\">\n            \t\t\t\t\t<div class=\"box-image\" >\n  \t\t\t\t\t\t<div class=\"image-zoom image-cover\" style=\"padding-top:56.25%;\">\n\t\t\t\t\t\t\t<a href=\"https:\/\/letzeburger.lu\/lu\/die-jungunternehmer\/\" class=\"plain\" aria-label=\"Die Jungunternehmer\">\n\t\t\t\t\t\t\t\t<img decoding=\"async\" width=\"503\" height=\"400\" src=\"https:\/\/letzeburger.lu\/wp-content\/uploads\/2023\/01\/interview-02-503x400.jpg\" class=\"attachment-medium size-medium wp-post-image\" alt=\"\" srcset=\"https:\/\/letzeburger.lu\/wp-content\/uploads\/2023\/01\/interview-02-503x400.jpg 503w, https:\/\/letzeburger.lu\/wp-content\/uploads\/2023\/01\/interview-02.jpg 755w\" sizes=\"(max-width: 503px) 100vw, 503px\" \/>\t\t\t\t\t\t\t<\/a>\n  \t\t\t\t\t\t\t  \t\t\t\t\t\t\t  \t\t\t\t\t\t<\/div>\n  \t\t\t\t\t\t  \t\t\t\t\t<\/div>\n          \t\t\t\t\t<div class=\"box-text text-center\" >\n\t\t\t\t\t<div class=\"box-text-inner blog-post-inner\">\n\n\t\t\t\t\t\n\t\t\t\t\t\t\t\t\t\t<h5 class=\"post-title is-large \">\n\t\t\t\t\t\t<a href=\"https:\/\/letzeburger.lu\/lu\/die-jungunternehmer\/\" class=\"plain\">Die Jungunternehmer<\/a>\n\t\t\t\t\t<\/h5>\n\t\t\t\t\t\t\t\t\t\t<div class=\"is-divider\"><\/div>\n\t\t\t\t\t\t\t\t\t\t<p class=\"from_the_blog_excerpt \">\n\t\t\t\t\t\tPol Miller und F\u00e9lix Clement sind auf Erfolgskurs. In nur wenigen Monaten hat sich der [...]\t\t\t\t\t<\/p>\n\t\t\t\t\t                    \n\t\t\t\t\t\t\t\t\t\t\t<a href=\"https:\/\/letzeburger.lu\/lu\/die-jungunternehmer\/\" class=\"button white is-outline is-small mb-0\">\n\t\t\t\t\t\t\tWeiderliesen M\u00e9i\t\t\t\t\t\t<\/a>\n\t\t\t\t\t\n\t\t\t\t\t\n\t\t\t\t\t<\/div>\n\t\t\t\t\t<\/div>\n\t\t\t\t\t\t\t\t\t<\/div>\n\t\t\t<\/div>\n\t\t<\/div><div class=\"col post-item\" >\n\t\t\t<div class=\"col-inner\">\n\t\t\t\t<div class=\"box box-default box-text-bottom box-blog-post has-hover\">\n            \t\t\t\t\t<div class=\"box-image\" >\n  \t\t\t\t\t\t<div class=\"image-zoom image-cover\" style=\"padding-top:56.25%;\">\n\t\t\t\t\t\t\t<a href=\"https:\/\/letzeburger.lu\/lu\/6-food-trucks-gourmands-on-the-road-again\/\" class=\"plain\" aria-label=\"6 food trucks gourmands \u00abon the road again\u00bb\">\n\t\t\t\t\t\t\t\t<img decoding=\"async\" width=\"600\" height=\"400\" src=\"https:\/\/letzeburger.lu\/wp-content\/uploads\/2023\/01\/image-600x400.jpeg\" class=\"attachment-medium size-medium wp-post-image\" alt=\"\" srcset=\"https:\/\/letzeburger.lu\/wp-content\/uploads\/2023\/01\/image-600x400.jpeg 600w, https:\/\/letzeburger.lu\/wp-content\/uploads\/2023\/01\/image-1201x800.jpeg 1201w, https:\/\/letzeburger.lu\/wp-content\/uploads\/2023\/01\/image-768x512.jpeg 768w, https:\/\/letzeburger.lu\/wp-content\/uploads\/2023\/01\/image.jpeg 1279w\" sizes=\"(max-width: 600px) 100vw, 600px\" \/>\t\t\t\t\t\t\t<\/a>\n  \t\t\t\t\t\t\t  \t\t\t\t\t\t\t  \t\t\t\t\t\t<\/div>\n  \t\t\t\t\t\t  \t\t\t\t\t<\/div>\n          \t\t\t\t\t<div class=\"box-text text-center\" >\n\t\t\t\t\t<div class=\"box-text-inner blog-post-inner\">\n\n\t\t\t\t\t\n\t\t\t\t\t\t\t\t\t\t<h5 class=\"post-title is-large \">\n\t\t\t\t\t\t<a href=\"https:\/\/letzeburger.lu\/lu\/6-food-trucks-gourmands-on-the-road-again\/\" class=\"plain\">6 food trucks gourmands \u00abon the road again\u00bb<\/a>\n\t\t\t\t\t<\/h5>\n\t\t\t\t\t\t\t\t\t\t<div class=\"is-divider\"><\/div>\n\t\t\t\t\t\t\t\t\t\t<p class=\"from_the_blog_excerpt \">\n\t\t\t\t\t\tAvec le red\u00e9marrage progressif de certains secteurs, les food trucks locaux aussi sortent le nez [...]\t\t\t\t\t<\/p>\n\t\t\t\t\t                    \n\t\t\t\t\t\t\t\t\t\t\t<a href=\"https:\/\/letzeburger.lu\/lu\/6-food-trucks-gourmands-on-the-road-again\/\" class=\"button white is-outline is-small mb-0\">\n\t\t\t\t\t\t\tWeiderliesen M\u00e9i\t\t\t\t\t\t<\/a>\n\t\t\t\t\t\n\t\t\t\t\t\n\t\t\t\t\t<\/div>\n\t\t\t\t\t<\/div>\n\t\t\t\t\t\t\t\t\t<\/div>\n\t\t\t<\/div>\n\t\t<\/div><div class=\"col post-item\" >\n\t\t\t<div class=\"col-inner\">\n\t\t\t\t<div class=\"box box-default box-text-bottom box-blog-post has-hover\">\n            \t\t\t\t\t<div class=\"box-image\" >\n  \t\t\t\t\t\t<div class=\"image-zoom image-cover\" style=\"padding-top:56.25%;\">\n\t\t\t\t\t\t\t<a href=\"https:\/\/letzeburger.lu\/lu\/mit-letzeburgern-in-nur-drei-jahren-zur-erfolgsfirma\/\" class=\"plain\" aria-label=\"Mit \u00abL\u00ebtzeburgern\u00bb in nur drei Jahren zur Erfolgsfirma\">\n\t\t\t\t\t\t\t\t<img decoding=\"async\" width=\"786\" height=\"384\" src=\"https:\/\/letzeburger.lu\/wp-content\/uploads\/2023\/01\/image.png\" class=\"attachment-medium size-medium wp-post-image\" alt=\"\" srcset=\"https:\/\/letzeburger.lu\/wp-content\/uploads\/2023\/01\/image.png 786w, https:\/\/letzeburger.lu\/wp-content\/uploads\/2023\/01\/image-768x375.png 768w\" sizes=\"(max-width: 786px) 100vw, 786px\" \/>\t\t\t\t\t\t\t<\/a>\n  \t\t\t\t\t\t\t  \t\t\t\t\t\t\t  \t\t\t\t\t\t<\/div>\n  \t\t\t\t\t\t  \t\t\t\t\t<\/div>\n          \t\t\t\t\t<div class=\"box-text text-center\" >\n\t\t\t\t\t<div class=\"box-text-inner blog-post-inner\">\n\n\t\t\t\t\t\n\t\t\t\t\t\t\t\t\t\t<h5 class=\"post-title is-large \">\n\t\t\t\t\t\t<a href=\"https:\/\/letzeburger.lu\/lu\/mit-letzeburgern-in-nur-drei-jahren-zur-erfolgsfirma\/\" class=\"plain\">Mit \u00abL\u00ebtzeburgern\u00bb in nur drei Jahren zur Erfolgsfirma<\/a>\n\t\t\t\t\t<\/h5>\n\t\t\t\t\t\t\t\t\t\t<div class=\"is-divider\"><\/div>\n\t\t\t\t\t\t\t\t\t\t<p class=\"from_the_blog_excerpt \">\n\t\t\t\t\t\tLUXEMBURG \u2013 Vier junge Unternehmen k\u00e4mpfen um den \u00abMy Microbusiness\u00bb-Publikumspreis. Heute stellen wir die ersten [...]\t\t\t\t\t<\/p>\n\t\t\t\t\t                    \n\t\t\t\t\t\t\t\t\t\t\t<a href=\"https:\/\/letzeburger.lu\/lu\/mit-letzeburgern-in-nur-drei-jahren-zur-erfolgsfirma\/\" class=\"button white is-outline is-small mb-0\">\n\t\t\t\t\t\t\tWeiderliesen M\u00e9i\t\t\t\t\t\t<\/a>\n\t\t\t\t\t\n\t\t\t\t\t\n\t\t\t\t\t<\/div>\n\t\t\t\t\t<\/div>\n\t\t\t\t\t\t\t\t\t<\/div>\n\t\t\t<\/div>\n\t\t<\/div><div class=\"col post-item\" >\n\t\t\t<div class=\"col-inner\">\n\t\t\t\t<div class=\"box box-default box-text-bottom box-blog-post has-hover\">\n            \t\t\t\t\t<div class=\"box-image\" >\n  \t\t\t\t\t\t<div class=\"image-zoom image-cover\" style=\"padding-top:56.25%;\">\n\t\t\t\t\t\t\t<a href=\"https:\/\/letzeburger.lu\/lu\/food-trucks-au-luxembourg-fournisseurs-financement-et-local\/\" class=\"plain\" aria-label=\"Food Trucks Au Luxembourg : Fournisseurs, Financement Et Local\">\n\t\t\t\t\t\t\t\t<img decoding=\"async\" width=\"447\" height=\"400\" src=\"https:\/\/letzeburger.lu\/wp-content\/uploads\/2023\/01\/interview-01-447x400.jpg\" class=\"attachment-medium size-medium wp-post-image\" alt=\"\" srcset=\"https:\/\/letzeburger.lu\/wp-content\/uploads\/2023\/01\/interview-01-447x400.jpg 447w, https:\/\/letzeburger.lu\/wp-content\/uploads\/2023\/01\/interview-01.jpg 522w\" sizes=\"(max-width: 447px) 100vw, 447px\" \/>\t\t\t\t\t\t\t<\/a>\n  \t\t\t\t\t\t\t  \t\t\t\t\t\t\t  \t\t\t\t\t\t<\/div>\n  \t\t\t\t\t\t  \t\t\t\t\t<\/div>\n          \t\t\t\t\t<div class=\"box-text text-center\" >\n\t\t\t\t\t<div class=\"box-text-inner blog-post-inner\">\n\n\t\t\t\t\t\n\t\t\t\t\t\t\t\t\t\t<h5 class=\"post-title is-large \">\n\t\t\t\t\t\t<a href=\"https:\/\/letzeburger.lu\/lu\/food-trucks-au-luxembourg-fournisseurs-financement-et-local\/\" class=\"plain\">Food Trucks Au Luxembourg : Fournisseurs, Financement Et Local<\/a>\n\t\t\t\t\t<\/h5>\n\t\t\t\t\t\t\t\t\t\t<div class=\"is-divider\"><\/div>\n\t\t\t\t\t\t\t\t\t\t<p class=\"from_the_blog_excerpt \">\n\t\t\t\t\t\tFood trucks au Luxembourg&nbsp;: fournisseurs, financement et local Pol Miller, co-fondateur de L\u00ebtzeburger, 2018 Comment [...]\t\t\t\t\t<\/p>\n\t\t\t\t\t                    \n\t\t\t\t\t\t\t\t\t\t\t<a href=\"https:\/\/letzeburger.lu\/lu\/food-trucks-au-luxembourg-fournisseurs-financement-et-local\/\" class=\"button white is-outline is-small mb-0\">\n\t\t\t\t\t\t\tWeiderliesen M\u00e9i\t\t\t\t\t\t<\/a>\n\t\t\t\t\t\n\t\t\t\t\t\n\t\t\t\t\t<\/div>\n\t\t\t\t\t<\/div>\n\t\t\t\t\t\t\t\t\t<\/div>\n\t\t\t<\/div>\n\t\t<\/div><div class=\"col post-item\" >\n\t\t\t<div class=\"col-inner\">\n\t\t\t\t<div class=\"box box-default box-text-bottom box-blog-post has-hover\">\n            \t\t\t\t\t<div class=\"box-image\" >\n  \t\t\t\t\t\t<div class=\"image-zoom image-cover\" style=\"padding-top:56.25%;\">\n\t\t\t\t\t\t\t<a href=\"https:\/\/letzeburger.lu\/lu\/food-truck-statt-schulbank\/\" class=\"plain\" aria-label=\"Food Truck statt Schulbank\">\n\t\t\t\t\t\t\t\t<img decoding=\"async\" width=\"640\" height=\"360\" src=\"https:\/\/letzeburger.lu\/wp-content\/uploads\/2022\/12\/letzeburger-post03.jpeg\" class=\"attachment-medium size-medium wp-post-image\" alt=\"\" \/>\t\t\t\t\t\t\t<\/a>\n  \t\t\t\t\t\t\t  \t\t\t\t\t\t\t  \t\t\t\t\t\t<\/div>\n  \t\t\t\t\t\t  \t\t\t\t\t<\/div>\n          \t\t\t\t\t<div class=\"box-text text-center\" >\n\t\t\t\t\t<div class=\"box-text-inner blog-post-inner\">\n\n\t\t\t\t\t\n\t\t\t\t\t\t\t\t\t\t<h5 class=\"post-title is-large \">\n\t\t\t\t\t\t<a href=\"https:\/\/letzeburger.lu\/lu\/food-truck-statt-schulbank\/\" class=\"plain\">Food Truck statt Schulbank<\/a>\n\t\t\t\t\t<\/h5>\n\t\t\t\t\t\t\t\t\t\t<div class=\"is-divider\"><\/div>\n\t\t\t\t\t\t\t\t\t\t<p class=\"from_the_blog_excerpt \">\n\t\t\t\t\t\tDe Felix Clement krut en Artikel am L\u00ebtzebuerger Journal. Liest hei weider: De Felix Clement [...]\t\t\t\t\t<\/p>\n\t\t\t\t\t                    \n\t\t\t\t\t\t\t\t\t\t\t<a href=\"https:\/\/letzeburger.lu\/lu\/food-truck-statt-schulbank\/\" class=\"button white is-outline is-small mb-0\">\n\t\t\t\t\t\t\tWeiderliesen M\u00e9i\t\t\t\t\t\t<\/a>\n\t\t\t\t\t\n\t\t\t\t\t\n\t\t\t\t\t<\/div>\n\t\t\t\t\t<\/div>\n\t\t\t\t\t\t\t\t\t<\/div>\n\t\t\t<\/div>\n\t\t<\/div><div class=\"col post-item\" >\n\t\t\t<div class=\"col-inner\">\n\t\t\t\t<div class=\"box box-default box-text-bottom box-blog-post has-hover\">\n            \t\t\t\t\t<div class=\"box-image\" >\n  \t\t\t\t\t\t<div class=\"image-zoom image-cover\" style=\"padding-top:56.25%;\">\n\t\t\t\t\t\t\t<a href=\"https:\/\/letzeburger.lu\/lu\/oflaf-vun-der-letzeburger-presentatioun\/\" class=\"plain\" aria-label=\"Oflaf vun der L\u00ebtzeBurger Presentatioun\">\n\t\t\t\t\t\t\t\t<img decoding=\"async\" width=\"640\" height=\"360\" src=\"https:\/\/letzeburger.lu\/wp-content\/uploads\/2022\/12\/letzeburger-post02.jpeg\" class=\"attachment-medium size-medium wp-post-image\" alt=\"\" \/>\t\t\t\t\t\t\t<\/a>\n  \t\t\t\t\t\t\t  \t\t\t\t\t\t\t  \t\t\t\t\t\t<\/div>\n  \t\t\t\t\t\t  \t\t\t\t\t<\/div>\n          \t\t\t\t\t<div class=\"box-text text-center\" >\n\t\t\t\t\t<div class=\"box-text-inner blog-post-inner\">\n\n\t\t\t\t\t\n\t\t\t\t\t\t\t\t\t\t<h5 class=\"post-title is-large \">\n\t\t\t\t\t\t<a href=\"https:\/\/letzeburger.lu\/lu\/oflaf-vun-der-letzeburger-presentatioun\/\" class=\"plain\">Oflaf vun der L\u00ebtzeBurger Presentatioun<\/a>\n\t\t\t\t\t<\/h5>\n\t\t\t\t\t\t\t\t\t\t<div class=\"is-divider\"><\/div>\n\t\t\t\t\t\t\t\t\t\t<p class=\"from_the_blog_excerpt \">\n\t\t\t\t\t\tMir hunn&nbsp;den 21. Februar konnten an der ArcA eisen&nbsp;Start-Up Projet virun Famill \/ Fr\u00ebnn an [...]\t\t\t\t\t<\/p>\n\t\t\t\t\t                    \n\t\t\t\t\t\t\t\t\t\t\t<a href=\"https:\/\/letzeburger.lu\/lu\/oflaf-vun-der-letzeburger-presentatioun\/\" class=\"button white is-outline is-small mb-0\">\n\t\t\t\t\t\t\tWeiderliesen M\u00e9i\t\t\t\t\t\t<\/a>\n\t\t\t\t\t\n\t\t\t\t\t\n\t\t\t\t\t<\/div>\n\t\t\t\t\t<\/div>\n\t\t\t\t\t\t\t\t\t<\/div>\n\t\t\t<\/div>\n\t\t<\/div><\/div>\n\n\n\t\t<\/div>\n\t\t\t\t\t<\/div>\n\n\t\n\n<\/div>\n\n\t\t<\/div>\n\n\t\t\n<style>\n#section_422469635 {\n  padding-top: 60px;\n  padding-bottom: 60px;\n  background-color: rgb(42, 189, 240);\n}\n<\/style>\n\t<\/section>\n\t\n\n","protected":false},"excerpt":{"rendered":"","protected":false},"author":1,"featured_media":0,"parent":0,"menu_order":0,"comment_status":"closed","ping_status":"closed","template":"page-blank.php","meta":{"inline_featured_image":false,"footnotes":""},"class_list":["post-1514","page","type-page","status-publish","hentry"],"yoast_head":"<!-- This site is optimized with the Yoast SEO plugin v27.4 - https:\/\/yoast.com\/product\/yoast-seo-wordpress\/ -->\n<title>News - L\u00ebtzeBurger - Foodtruck Burger Luxembourg<\/title>\n<meta name=\"robots\" content=\"index, follow, max-snippet:-1, max-image-preview:large, max-video-preview:-1\" \/>\n<link rel=\"canonical\" href=\"https:\/\/letzeburger.lu\/lu\/news\/\" \/>\n<meta property=\"og:locale\" content=\"en_US\" \/>\n<meta property=\"og:type\" content=\"article\" \/>\n<meta property=\"og:title\" content=\"News - L\u00ebtzeBurger - Foodtruck Burger Luxembourg\" \/>\n<meta property=\"og:url\" content=\"https:\/\/letzeburger.lu\/lu\/news\/\" \/>\n<meta property=\"og:site_name\" content=\"L\u00ebtzeBurger\" \/>\n<meta property=\"article:publisher\" content=\"https:\/\/www.facebook.com\/LetzeBurger-198619980881559\/\" \/>\n<meta property=\"article:modified_time\" content=\"2023-01-17T16:35:14+00:00\" \/>\n<meta property=\"og:image\" content=\"https:\/\/letzeburger.lu\/wp-content\/uploads\/2022\/12\/letzeburger-logo-sd.png\" \/>\n\t<meta property=\"og:image:width\" content=\"584\" \/>\n\t<meta property=\"og:image:height\" content=\"584\" \/>\n\t<meta property=\"og:image:type\" content=\"image\/png\" \/>\n<meta name=\"twitter:card\" content=\"summary_large_image\" \/>\n<meta name=\"twitter:site\" content=\"@letzeburger69\" \/>\n<script type=\"application\/ld+json\" class=\"yoast-schema-graph\">{\"@context\":\"https:\\\/\\\/schema.org\",\"@graph\":[{\"@type\":\"WebPage\",\"@id\":\"https:\\\/\\\/letzeburger.lu\\\/lu\\\/news\\\/\",\"url\":\"https:\\\/\\\/letzeburger.lu\\\/lu\\\/news\\\/\",\"name\":\"News - L\u00ebtzeBurger - Foodtruck Burger Luxembourg\",\"isPartOf\":{\"@id\":\"https:\\\/\\\/letzeburger.lu\\\/lu\\\/#website\"},\"datePublished\":\"2023-01-10T08:50:25+00:00\",\"dateModified\":\"2023-01-17T16:35:14+00:00\",\"breadcrumb\":{\"@id\":\"https:\\\/\\\/letzeburger.lu\\\/lu\\\/news\\\/#breadcrumb\"},\"inLanguage\":\"lb-LU\",\"potentialAction\":[{\"@type\":\"ReadAction\",\"target\":[\"https:\\\/\\\/letzeburger.lu\\\/lu\\\/news\\\/\"]}]},{\"@type\":\"BreadcrumbList\",\"@id\":\"https:\\\/\\\/letzeburger.lu\\\/lu\\\/news\\\/#breadcrumb\",\"itemListElement\":[{\"@type\":\"ListItem\",\"position\":1,\"name\":\"Home\",\"item\":\"https:\\\/\\\/letzeburger.lu\\\/lu\\\/\"},{\"@type\":\"ListItem\",\"position\":2,\"name\":\"News\"}]},{\"@type\":\"WebSite\",\"@id\":\"https:\\\/\\\/letzeburger.lu\\\/lu\\\/#website\",\"url\":\"https:\\\/\\\/letzeburger.lu\\\/lu\\\/\",\"name\":\"L\u00ebtzeBurger\",\"description\":\"Foodtruck Burger Luxembourg\",\"publisher\":{\"@id\":\"https:\\\/\\\/letzeburger.lu\\\/lu\\\/#organization\"},\"potentialAction\":[{\"@type\":\"SearchAction\",\"target\":{\"@type\":\"EntryPoint\",\"urlTemplate\":\"https:\\\/\\\/letzeburger.lu\\\/lu\\\/?s={search_term_string}\"},\"query-input\":{\"@type\":\"PropertyValueSpecification\",\"valueRequired\":true,\"valueName\":\"search_term_string\"}}],\"inLanguage\":\"lb-LU\"},{\"@type\":\"Organization\",\"@id\":\"https:\\\/\\\/letzeburger.lu\\\/lu\\\/#organization\",\"name\":\"L\u00ebtzeBurger\",\"url\":\"https:\\\/\\\/letzeburger.lu\\\/lu\\\/\",\"logo\":{\"@type\":\"ImageObject\",\"inLanguage\":\"lb-LU\",\"@id\":\"https:\\\/\\\/letzeburger.lu\\\/lu\\\/#\\\/schema\\\/logo\\\/image\\\/\",\"url\":\"https:\\\/\\\/letzeburger.lu\\\/wp-content\\\/uploads\\\/2022\\\/12\\\/letzeburger-logo-sd.png\",\"contentUrl\":\"https:\\\/\\\/letzeburger.lu\\\/wp-content\\\/uploads\\\/2022\\\/12\\\/letzeburger-logo-sd.png\",\"width\":584,\"height\":584,\"caption\":\"L\u00ebtzeBurger\"},\"image\":{\"@id\":\"https:\\\/\\\/letzeburger.lu\\\/lu\\\/#\\\/schema\\\/logo\\\/image\\\/\"},\"sameAs\":[\"https:\\\/\\\/www.facebook.com\\\/LetzeBurger-198619980881559\\\/\",\"https:\\\/\\\/x.com\\\/letzeburger69\",\"https:\\\/\\\/www.instagram.com\\\/letzeburger\\\/?hl=en\"]}]}<\/script>\n<!-- \/ Yoast SEO plugin. -->","yoast_head_json":{"title":"News - L\u00ebtzeBurger - Foodtruck Burger Luxembourg","robots":{"index":"index","follow":"follow","max-snippet":"max-snippet:-1","max-image-preview":"max-image-preview:large","max-video-preview":"max-video-preview:-1"},"canonical":"https:\/\/letzeburger.lu\/lu\/news\/","og_locale":"en_US","og_type":"article","og_title":"News - L\u00ebtzeBurger - Foodtruck Burger Luxembourg","og_url":"https:\/\/letzeburger.lu\/lu\/news\/","og_site_name":"L\u00ebtzeBurger","article_publisher":"https:\/\/www.facebook.com\/LetzeBurger-198619980881559\/","article_modified_time":"2023-01-17T16:35:14+00:00","og_image":[{"width":584,"height":584,"url":"https:\/\/letzeburger.lu\/wp-content\/uploads\/2022\/12\/letzeburger-logo-sd.png","type":"image\/png"}],"twitter_card":"summary_large_image","twitter_site":"@letzeburger69","schema":{"@context":"https:\/\/schema.org","@graph":[{"@type":"WebPage","@id":"https:\/\/letzeburger.lu\/lu\/news\/","url":"https:\/\/letzeburger.lu\/lu\/news\/","name":"News - L\u00ebtzeBurger - Foodtruck Burger Luxembourg","isPartOf":{"@id":"https:\/\/letzeburger.lu\/lu\/#website"},"datePublished":"2023-01-10T08:50:25+00:00","dateModified":"2023-01-17T16:35:14+00:00","breadcrumb":{"@id":"https:\/\/letzeburger.lu\/lu\/news\/#breadcrumb"},"inLanguage":"lb-LU","potentialAction":[{"@type":"ReadAction","target":["https:\/\/letzeburger.lu\/lu\/news\/"]}]},{"@type":"BreadcrumbList","@id":"https:\/\/letzeburger.lu\/lu\/news\/#breadcrumb","itemListElement":[{"@type":"ListItem","position":1,"name":"Home","item":"https:\/\/letzeburger.lu\/lu\/"},{"@type":"ListItem","position":2,"name":"News"}]},{"@type":"WebSite","@id":"https:\/\/letzeburger.lu\/lu\/#website","url":"https:\/\/letzeburger.lu\/lu\/","name":"L\u00ebtzeBurger","description":"Foodtruck Burger Luxembourg","publisher":{"@id":"https:\/\/letzeburger.lu\/lu\/#organization"},"potentialAction":[{"@type":"SearchAction","target":{"@type":"EntryPoint","urlTemplate":"https:\/\/letzeburger.lu\/lu\/?s={search_term_string}"},"query-input":{"@type":"PropertyValueSpecification","valueRequired":true,"valueName":"search_term_string"}}],"inLanguage":"lb-LU"},{"@type":"Organization","@id":"https:\/\/letzeburger.lu\/lu\/#organization","name":"L\u00ebtzeBurger","url":"https:\/\/letzeburger.lu\/lu\/","logo":{"@type":"ImageObject","inLanguage":"lb-LU","@id":"https:\/\/letzeburger.lu\/lu\/#\/schema\/logo\/image\/","url":"https:\/\/letzeburger.lu\/wp-content\/uploads\/2022\/12\/letzeburger-logo-sd.png","contentUrl":"https:\/\/letzeburger.lu\/wp-content\/uploads\/2022\/12\/letzeburger-logo-sd.png","width":584,"height":584,"caption":"L\u00ebtzeBurger"},"image":{"@id":"https:\/\/letzeburger.lu\/lu\/#\/schema\/logo\/image\/"},"sameAs":["https:\/\/www.facebook.com\/LetzeBurger-198619980881559\/","https:\/\/x.com\/letzeburger69","https:\/\/www.instagram.com\/letzeburger\/?hl=en"]}]}},"_links":{"self":[{"href":"https:\/\/letzeburger.lu\/lu\/wp-json\/wp\/v2\/pages\/1514","targetHints":{"allow":["GET"]}}],"collection":[{"href":"https:\/\/letzeburger.lu\/lu\/wp-json\/wp\/v2\/pages"}],"about":[{"href":"https:\/\/letzeburger.lu\/lu\/wp-json\/wp\/v2\/types\/page"}],"author":[{"embeddable":true,"href":"https:\/\/letzeburger.lu\/lu\/wp-json\/wp\/v2\/users\/1"}],"replies":[{"embeddable":true,"href":"https:\/\/letzeburger.lu\/lu\/wp-json\/wp\/v2\/comments?post=1514"}],"version-history":[{"count":0,"href":"https:\/\/letzeburger.lu\/lu\/wp-json\/wp\/v2\/pages\/1514\/revisions"}],"wp:attachment":[{"href":"https:\/\/letzeburger.lu\/lu\/wp-json\/wp\/v2\/media?parent=1514"}],"curies":[{"name":"wp","href":"https:\/\/api.w.org\/{rel}","templated":true}]}}