{"id":1518,"date":"2022-12-22T16:05:12","date_gmt":"2022-12-22T15:05:12","guid":{"rendered":"https:\/\/letzeburger.lu\/kontakt\/"},"modified":"2023-01-17T17:39:17","modified_gmt":"2023-01-17T16:39:17","slug":"kontakt","status":"publish","type":"page","link":"https:\/\/letzeburger.lu\/lu\/kontakt\/","title":{"rendered":"Kontakt"},"content":{"rendered":"\n\n  <div class=\"banner has-hover\" id=\"banner-5296421\">\n          <div class=\"banner-inner fill\">\n        <div class=\"banner-bg fill\" >\n            <img decoding=\"async\" width=\"1020\" height=\"573\" src=\"https:\/\/letzeburger.lu\/wp-content\/uploads\/2023\/01\/contact-page-back-sd.jpg\" class=\"bg attachment-large size-large\" alt=\"\" \/>                        <div class=\"overlay\"><\/div>            \n                    <\/div>\n\t\t\n        <div class=\"banner-layers container\">\n            <div class=\"fill banner-link\"><\/div>            \n\n   <div id=\"text-box-1139525130\" class=\"text-box banner-layer x50 md-x50 lg-x50 y50 md-y50 lg-y50 res-text\">\n                                <div class=\"text-box-content text dark\">\n              \n              <div class=\"text-inner text-center\">\n                  \n\n<h1 class=\"uppercase btitle\">Kontakt<\/h1>\n<p>Mir si fir Iech do iwwer Telefon, Mail oder d\u2019sozial Medien.<br> Dir k\u00ebnnt och de Formul\u00e4r hei \u00ebnnen ausf\u00ebllen.<\/p>\n\n\n              <\/div>\n           <\/div>\n                            \n<style>\n#text-box-1139525130 {\n  width: 83%;\n}\n#text-box-1139525130 .text-box-content {\n  font-size: 100%;\n}\n@media (min-width:550px) {\n  #text-box-1139525130 {\n    width: 60%;\n  }\n}\n<\/style>\n    <\/div>\n \n\n        <\/div>\n      <\/div>\n\n            \n<style>\n#banner-5296421 {\n  padding-top: 56.25%;\n}\n#banner-5296421 .overlay {\n  background-color: rgba(0, 0, 0, 0.2);\n}\n#banner-5296421 .banner-bg img {\n  object-position: 0% 36%;\n}\n@media (min-width:550px) {\n  #banner-5296421 {\n    padding-top: 30%;\n  }\n}\n<\/style>\n  <\/div>\n\n\n\n\t<section class=\"section has-mask mask-arrow\" id=\"section_2003003780\">\n\t\t<div class=\"section-bg fill\" >\n\t\t\t\t\t\t\t\t\t\n\t\t\t\n\n\t\t<\/div>\n\n\t\t\n\n\t\t<div class=\"section-content relative\">\n\t\t\t\n\n<div class=\"row\"  id=\"row-899888710\">\n\n\n\t<div id=\"col-29920617\" class=\"col small-12 large-12\"  >\n\t\t\t\t<div class=\"col-inner text-center\"  >\n\t\t\t\n\t\t\t\n\n<p class=\"lead\">Dir braucht m\u00e9i Informatiounen? Da sch\u00e9ckt ons e Message iwwer d\u00ebse Formul\u00e4r<\/p>\n\n<div class=\"wpcf7 no-js\" id=\"wpcf7-f1651-o1\" lang=\"lb-LU\" dir=\"ltr\" data-wpcf7-id=\"1651\">\n<div class=\"screen-reader-response\"><p role=\"status\" aria-live=\"polite\" aria-atomic=\"true\"><\/p> <ul><\/ul><\/div>\n<form action=\"\/lu\/wp-json\/wp\/v2\/pages\/1518#wpcf7-f1651-o1\" method=\"post\" class=\"wpcf7-form init\" aria-label=\"Contact form\" novalidate=\"novalidate\" data-status=\"init\">\n<fieldset class=\"hidden-fields-container\"><input type=\"hidden\" name=\"_wpcf7\" value=\"1651\" \/><input type=\"hidden\" name=\"_wpcf7_version\" value=\"6.1.5\" \/><input type=\"hidden\" name=\"_wpcf7_locale\" value=\"lb_LU\" \/><input type=\"hidden\" name=\"_wpcf7_unit_tag\" value=\"wpcf7-f1651-o1\" \/><input type=\"hidden\" name=\"_wpcf7_container_post\" value=\"0\" \/><input type=\"hidden\" name=\"_wpcf7_posted_data_hash\" value=\"\" \/>\n<\/fieldset>\n<div class=\"flex-row form-flat medium-flex-wrap\">\n\t<div class=\"flex-col flex-grow\">\n\t\t<p><span class=\"wpcf7-form-control-wrap\" data-name=\"your-surname\"><input size=\"40\" maxlength=\"400\" class=\"wpcf7-form-control wpcf7-text wpcf7-validates-as-required\" aria-required=\"true\" aria-invalid=\"false\" placeholder=\"Numm*\" value=\"\" type=\"text\" name=\"your-surname\" \/><\/span>\n\t\t<\/p>\n\t<\/div>\n\t<div class=\"flex-col flex-grow\">\n\t\t<p><span class=\"wpcf7-form-control-wrap\" data-name=\"your-email\"><input size=\"40\" maxlength=\"400\" class=\"wpcf7-form-control wpcf7-email wpcf7-validates-as-required wpcf7-text wpcf7-validates-as-email\" aria-required=\"true\" aria-invalid=\"false\" placeholder=\"E-mail*\" value=\"\" type=\"email\" name=\"your-email\" \/><\/span>\n\t\t<\/p>\n\t<\/div>\n<\/div>\n<div style=\"margin-top:20px;\">\n<\/div>\n<div class=\"flex-row form-flat medium-flex-wrap\">\n\t<div class=\"flex-col flex-grow\">\n\t\t<p><span class=\"wpcf7-form-control-wrap\" data-name=\"subject\"><input size=\"40\" maxlength=\"400\" class=\"wpcf7-form-control wpcf7-text\" aria-invalid=\"false\" placeholder=\"\u00cbm wat et geet?\" value=\"\" type=\"text\" name=\"subject\" \/><\/span>\n\t\t<\/p>\n\t<\/div>\n\t<div class=\"flex-col flex-grow\">\n\t\t<p><span class=\"wpcf7-form-control-wrap\" data-name=\"service\"><select class=\"wpcf7-form-control wpcf7-select wpcf7-validates-as-required selectMargin\" id=\"letzeServ\" aria-required=\"true\" aria-invalid=\"false\" name=\"service\"><option value=\"Choose Service\">Choose Service<\/option><option value=\"Event \/ Catering\">Event \/ Catering<\/option><option value=\"Complain\">Complain<\/option><option value=\"Job\">Job<\/option><\/select><\/span><br \/>\n\t\t<input class=\"wpcf7-form-control wpcf7-hidden\" id=\"letzeRec\" value=\"info@letzeburger.lu\" type=\"hidden\" name=\"letzeRec\" \/>\n\t\t<\/p>\n\t<\/div>\n<\/div>\n<div style=\"margin-top:20px;\">\n<\/div>\n<div class=\"flex-row form-flat medium-flex-wrap\">\n\t<div class=\"flex-col flex-grow\">\n\t\t<p><span class=\"wpcf7-form-control-wrap\" data-name=\"message\"><textarea cols=\"40\" rows=\"10\" maxlength=\"2000\" class=\"wpcf7-form-control wpcf7-textarea wpcf7-validates-as-required\" aria-required=\"true\" aria-invalid=\"false\" placeholder=\"Message*\" name=\"message\"><\/textarea><\/span>\n\t\t<\/p>\n\t<\/div>\n<\/div>\n<div class=\"form-flat\">\n\t<p><input class=\"wpcf7-form-control wpcf7-submit has-spinner\" type=\"submit\" value=\"Fortsch\u00e9cken\" \/>\n\t<\/p>\n<\/div><p style=\"display: none !important;\" class=\"akismet-fields-container\" data-prefix=\"_wpcf7_ak_\"><label>&#916;<textarea name=\"_wpcf7_ak_hp_textarea\" cols=\"45\" rows=\"8\" maxlength=\"100\"><\/textarea><\/label><input type=\"hidden\" id=\"ak_js_1\" name=\"_wpcf7_ak_js\" value=\"101\"\/><script>document.getElementById( \"ak_js_1\" ).setAttribute( \"value\", ( new Date() ).getTime() );<\/script><\/p><div class=\"wpcf7-response-output\" aria-hidden=\"true\"><\/div>\n<\/form>\n<\/div>\n\n\n\n\t\t<\/div>\n\t\t\t\t\n<style>\n#col-29920617 > .col-inner {\n  padding: 60px 50px 0px 50px;\n}\n<\/style>\n\t<\/div>\n\n\t\n\n<\/div>\n\n\t\t<\/div>\n\n\t\t\n<style>\n#section_2003003780 {\n  padding-top: 0px;\n  padding-bottom: 0px;\n  background-color: rgb(255,255,255);\n}\n<\/style>\n\t<\/section>\n\t\n\n\t<section class=\"section\" id=\"section_75986907\">\n\t\t<div class=\"section-bg fill\" >\n\t\t\t\t\t\t\t\t\t\n\t\t\t\n\t<div class=\"is-border\"\n\t\tstyle=\"border-color:rgb(255, 255, 255);border-width:1px 0px 0px 0px;\">\n\t<\/div>\n\n\t\t<\/div>\n\n\t\t\n\n\t\t<div class=\"section-content relative\">\n\t\t\t\n\n<div class=\"row\"  id=\"row-803704668\">\n\n\n\t<div id=\"col-1205026172\" class=\"col small-12 large-12\"  >\n\t\t\t\t<div class=\"col-inner dark\"  >\n\t\t\t\n\t\t\t\n\n\t<div id=\"text-2612567047\" class=\"text btitle uppercase\">\n\t\t\n\n<h2>Si vertrauen eis<\/h2>\n\t\t\t<\/div>\n\t\n\n\t\t<\/div>\n\t\t\t\t\t<\/div>\n\n\t\n\n\n\t<div id=\"col-751875422\" class=\"col small-12 large-12\"  >\n\t\t\t\t<div class=\"col-inner\"  >\n\t\t\t\n\t\t\t\n\n<p>\n\t\t<style>\n\t\t\t#wpls-logo-showcase-slider-1 .wpls-fix-box,\n\t\t\t#wpls-logo-showcase-slider-1 .wpls-fix-box img.wp-post-image{max-height:250px; }\n\t\t<\/style>\n\n\t\t<div class=\"wpls-wrap wpls-logo-showcase-slider-wrp wpls-logo-clearfix wpls-design-1 \" data-conf=\"{&quot;slides_column&quot;:4,&quot;slides_scroll&quot;:1,&quot;dots&quot;:&quot;false&quot;,&quot;arrows&quot;:&quot;false&quot;,&quot;autoplay&quot;:&quot;true&quot;,&quot;autoplay_interval&quot;:&quot;2000&quot;,&quot;loop&quot;:&quot;true&quot;,&quot;rtl&quot;:&quot;false&quot;,&quot;speed&quot;:800,&quot;center_mode&quot;:&quot;false&quot;,&quot;lazyload&quot;:&quot;&quot;}\">\n\t\t\t<div class=\"wpls-logo-showcase logo_showcase wpls-logo-slider  sliderimage_hide_border wpls-dots-false\" id=\"wpls-logo-showcase-slider-1\" >\n\t\t\t\t<div class=\"wpls-logo-cnt\">\n\t<div class=\"wpls-fix-box\">\n\t\t\t\t<img decoding=\"async\" class=\"wp-post-image\"  src=\"https:\/\/letzeburger.lu\/wp-content\/uploads\/2022\/12\/a-logo.png\" alt=\"\" \/>\n\t\t\t<\/div>\n\t<\/div><div class=\"wpls-logo-cnt\">\n\t<div class=\"wpls-fix-box\">\n\t\t\t\t<img decoding=\"async\" class=\"wp-post-image\"  src=\"https:\/\/letzeburger.lu\/wp-content\/uploads\/2022\/12\/rotondes-logo.png\" alt=\"\" \/>\n\t\t\t<\/div>\n\t<\/div><div class=\"wpls-logo-cnt\">\n\t<div class=\"wpls-fix-box\">\n\t\t\t\t<img decoding=\"async\" class=\"wp-post-image\"  src=\"https:\/\/letzeburger.lu\/wp-content\/uploads\/2022\/12\/bertrange-logo-1.png\" alt=\"\" \/>\n\t\t\t<\/div>\n\t<\/div><div class=\"wpls-logo-cnt\">\n\t<div class=\"wpls-fix-box\">\n\t\t\t\t<img decoding=\"async\" class=\"wp-post-image\"  src=\"https:\/\/letzeburger.lu\/wp-content\/uploads\/2022\/12\/boconcept-logo.png\" alt=\"\" \/>\n\t\t\t<\/div>\n\t<\/div><div class=\"wpls-logo-cnt\">\n\t<div class=\"wpls-fix-box\">\n\t\t\t\t<img decoding=\"async\" class=\"wp-post-image\"  src=\"https:\/\/letzeburger.lu\/wp-content\/uploads\/2022\/12\/box-logo.png\" alt=\"\" \/>\n\t\t\t<\/div>\n\t<\/div><div class=\"wpls-logo-cnt\">\n\t<div class=\"wpls-fix-box\">\n\t\t\t\t<img decoding=\"async\" class=\"wp-post-image\"  src=\"https:\/\/letzeburger.lu\/wp-content\/uploads\/2022\/12\/coca-cola-logo.png\" alt=\"\" \/>\n\t\t\t<\/div>\n\t<\/div><div class=\"wpls-logo-cnt\">\n\t<div class=\"wpls-fix-box\">\n\t\t\t\t<img decoding=\"async\" class=\"wp-post-image\"  src=\"https:\/\/letzeburger.lu\/wp-content\/uploads\/2022\/12\/cssf-logo.png\" alt=\"\" \/>\n\t\t\t<\/div>\n\t<\/div><div class=\"wpls-logo-cnt\">\n\t<div class=\"wpls-fix-box\">\n\t\t\t\t<img decoding=\"async\" class=\"wp-post-image\"  src=\"https:\/\/letzeburger.lu\/wp-content\/uploads\/2022\/12\/esch-logo-1.png\" alt=\"\" \/>\n\t\t\t<\/div>\n\t<\/div><div class=\"wpls-logo-cnt\">\n\t<div class=\"wpls-fix-box\">\n\t\t\t\t<img decoding=\"async\" class=\"wp-post-image\"  src=\"https:\/\/letzeburger.lu\/wp-content\/uploads\/2022\/12\/escher-logo.png\" alt=\"\" \/>\n\t\t\t<\/div>\n\t<\/div><div class=\"wpls-logo-cnt\">\n\t<div class=\"wpls-fix-box\">\n\t\t\t\t<img decoding=\"async\" class=\"wp-post-image\"  src=\"https:\/\/letzeburger.lu\/wp-content\/uploads\/2022\/12\/foyer-logo-1.png\" alt=\"\" \/>\n\t\t\t<\/div>\n\t<\/div><div class=\"wpls-logo-cnt\">\n\t<div class=\"wpls-fix-box\">\n\t\t\t\t<img decoding=\"async\" class=\"wp-post-image\"  src=\"https:\/\/letzeburger.lu\/wp-content\/uploads\/2022\/12\/kuhne-nagel-logo.png\" alt=\"\" \/>\n\t\t\t<\/div>\n\t<\/div><div class=\"wpls-logo-cnt\">\n\t<div class=\"wpls-fix-box\">\n\t\t\t\t<img decoding=\"async\" class=\"wp-post-image\"  src=\"https:\/\/letzeburger.lu\/wp-content\/uploads\/2022\/12\/langehegermann-logo.png\" alt=\"\" \/>\n\t\t\t<\/div>\n\t<\/div><div class=\"wpls-logo-cnt\">\n\t<div class=\"wpls-fix-box\">\n\t\t\t\t<img decoding=\"async\" class=\"wp-post-image\"  src=\"https:\/\/letzeburger.lu\/wp-content\/uploads\/2022\/12\/lgx-logo.png\" alt=\"\" \/>\n\t\t\t<\/div>\n\t<\/div><div class=\"wpls-logo-cnt\">\n\t<div class=\"wpls-fix-box\">\n\t\t\t\t<img decoding=\"async\" class=\"wp-post-image\"  src=\"https:\/\/letzeburger.lu\/wp-content\/uploads\/2022\/12\/merbag-logo.png\" alt=\"\" \/>\n\t\t\t<\/div>\n\t<\/div>\t\t\t<\/div>\n\t\t<\/div>\n\n\t\t<\/p>\n\n\t\t<\/div>\n\t\t\t\t\t<\/div>\n\n\t\n\n<\/div>\n\n\t\t<\/div>\n\n\t\t\n<style>\n#section_75986907 {\n  padding-top: 30px;\n  padding-bottom: 30px;\n  background-color: rgb(42, 189, 240);\n}\n<\/style>\n\t<\/section>\n\t\n\n\n\t<section class=\"section\" id=\"section_718786973\">\n\t\t<div class=\"section-bg fill\" >\n\t\t\t\t\t\t\t\t\t\n\t\t\t\n\n\t\t<\/div>\n\n\t\t\n\n\t\t<div class=\"section-content relative\">\n\t\t\t\n\n<div class=\"row\"  id=\"row-1678410259\">\n\n\n\t<div id=\"col-1041316975\" class=\"col small-12 large-12\"  >\n\t\t\t\t<div class=\"col-inner dark\"  >\n\t\t\t\n\t\t\t\n\n\t<div id=\"text-159067624\" class=\"text btitle uppercase\">\n\t\t\n\n<h2>Eis Partner<\/h2>\n\t\t\t<\/div>\n\t\n<p>\n\t\t<style>\n\t\t\t#wpls-logo-showcase-slider-2 .wpls-fix-box,\n\t\t\t#wpls-logo-showcase-slider-2 .wpls-fix-box img.wp-post-image{max-height:250px; }\n\t\t<\/style>\n\n\t\t<div class=\"wpls-wrap wpls-logo-showcase-slider-wrp wpls-logo-clearfix wpls-design-1 \" data-conf=\"{&quot;slides_column&quot;:4,&quot;slides_scroll&quot;:1,&quot;dots&quot;:&quot;false&quot;,&quot;arrows&quot;:&quot;false&quot;,&quot;autoplay&quot;:&quot;true&quot;,&quot;autoplay_interval&quot;:&quot;2000&quot;,&quot;loop&quot;:&quot;true&quot;,&quot;rtl&quot;:&quot;false&quot;,&quot;speed&quot;:800,&quot;center_mode&quot;:&quot;false&quot;,&quot;lazyload&quot;:&quot;&quot;}\">\n\t\t\t<div class=\"wpls-logo-showcase logo_showcase wpls-logo-slider  sliderimage_hide_border wpls-dots-false\" id=\"wpls-logo-showcase-slider-2\" >\n\t\t\t\t<div class=\"wpls-logo-cnt\">\n\t<div class=\"wpls-fix-box\">\n\t\t\t\t<img decoding=\"async\" class=\"wp-post-image\"  src=\"https:\/\/letzeburger.lu\/wp-content\/uploads\/2022\/12\/a-logo.png\" alt=\"\" \/>\n\t\t\t<\/div>\n\t<\/div><div class=\"wpls-logo-cnt\">\n\t<div class=\"wpls-fix-box\">\n\t\t\t\t<a href=\"https:\/\/www.mediation-sa.lu\" target=\"_self\">\n\t\t\t<img decoding=\"async\" class=\"wp-post-image\"  src=\"https:\/\/letzeburger.lu\/wp-content\/uploads\/2023\/01\/mediation-sa-logo02.png\" alt=\"\" \/>\n\t\t<\/a>\n\t\t\t<\/div>\n\t<\/div><div class=\"wpls-logo-cnt\">\n\t<div class=\"wpls-fix-box\">\n\t\t\t\t<img decoding=\"async\" class=\"wp-post-image\"  src=\"https:\/\/letzeburger.lu\/wp-content\/uploads\/2022\/12\/kirsch-logo.png\" alt=\"\" \/>\n\t\t\t<\/div>\n\t<\/div><div class=\"wpls-logo-cnt\">\n\t<div class=\"wpls-fix-box\">\n\t\t\t\t<img decoding=\"async\" class=\"wp-post-image\"  src=\"https:\/\/letzeburger.lu\/wp-content\/uploads\/2023\/01\/logo-rockhal.png\" alt=\"\" \/>\n\t\t\t<\/div>\n\t<\/div><div class=\"wpls-logo-cnt\">\n\t<div class=\"wpls-fix-box\">\n\t\t\t\t<a href=\"https:\/\/www.luxilux.lu\" target=\"_self\">\n\t\t\t<img decoding=\"async\" class=\"wp-post-image\"  src=\"https:\/\/letzeburger.lu\/wp-content\/uploads\/2023\/06\/luxilux-logo.png\" alt=\"\" \/>\n\t\t<\/a>\n\t\t\t<\/div>\n\t<\/div><div class=\"wpls-logo-cnt\">\n\t<div class=\"wpls-fix-box\">\n\t\t\t\t<img decoding=\"async\" class=\"wp-post-image\"  src=\"https:\/\/letzeburger.lu\/wp-content\/uploads\/2026\/02\/pain_tradition.png\" alt=\"\" \/>\n\t\t\t<\/div>\n\t<\/div>\t\t\t<\/div>\n\t\t<\/div>\n\n\t\t<\/p>\n\n\n\t\t<\/div>\n\t\t\t\t\t<\/div>\n\n\t\n\n<\/div>\n\n\t\t<\/div>\n\n\t\t\n<style>\n#section_718786973 {\n  padding-top: 30px;\n  padding-bottom: 30px;\n  background-color: rgb(42, 189, 240);\n}\n<\/style>\n\t<\/section>\n\t\n\n\n","protected":false},"excerpt":{"rendered":"","protected":false},"author":1,"featured_media":0,"parent":0,"menu_order":0,"comment_status":"closed","ping_status":"closed","template":"page-blank.php","meta":{"inline_featured_image":false,"footnotes":""},"class_list":["post-1518","page","type-page","status-publish","hentry"],"yoast_head":"<!-- This site is optimized with the Yoast SEO plugin v27.4 - https:\/\/yoast.com\/product\/yoast-seo-wordpress\/ -->\n<title>Kontakt - L\u00ebtzeBurger - Foodtruck Burger Luxembourg<\/title>\n<meta name=\"description\" content=\"Mir si fir Iech do iwwer Telefon, Mail oder d\u2019sozial Medien. Dir k\u00ebnnt och de Formul\u00e4r hei \u00ebnnen ausf\u00ebllen.\" \/>\n<meta name=\"robots\" content=\"index, follow, max-snippet:-1, max-image-preview:large, max-video-preview:-1\" \/>\n<link rel=\"canonical\" href=\"https:\/\/letzeburger.lu\/lu\/kontakt\/\" \/>\n<meta property=\"og:locale\" content=\"en_US\" \/>\n<meta property=\"og:type\" content=\"article\" \/>\n<meta property=\"og:title\" content=\"Kontakt - L\u00ebtzeBurger - Foodtruck Burger Luxembourg\" \/>\n<meta property=\"og:description\" content=\"Mir si fir Iech do iwwer Telefon, Mail oder d\u2019sozial Medien. Dir k\u00ebnnt och de Formul\u00e4r hei \u00ebnnen ausf\u00ebllen.\" \/>\n<meta property=\"og:url\" content=\"https:\/\/letzeburger.lu\/lu\/kontakt\/\" \/>\n<meta property=\"og:site_name\" content=\"L\u00ebtzeBurger\" \/>\n<meta property=\"article:publisher\" content=\"https:\/\/www.facebook.com\/LetzeBurger-198619980881559\/\" \/>\n<meta property=\"article:modified_time\" content=\"2023-01-17T16:39:17+00:00\" \/>\n<meta property=\"og:image\" content=\"https:\/\/letzeburger.lu\/wp-content\/uploads\/2022\/12\/letzeburger-logo-sd.png\" \/>\n\t<meta property=\"og:image:width\" content=\"584\" \/>\n\t<meta property=\"og:image:height\" content=\"584\" \/>\n\t<meta property=\"og:image:type\" content=\"image\/png\" \/>\n<meta name=\"twitter:card\" content=\"summary_large_image\" \/>\n<meta name=\"twitter:site\" content=\"@letzeburger69\" \/>\n<script type=\"application\/ld+json\" class=\"yoast-schema-graph\">{\"@context\":\"https:\\\/\\\/schema.org\",\"@graph\":[{\"@type\":\"WebPage\",\"@id\":\"https:\\\/\\\/letzeburger.lu\\\/lu\\\/kontakt\\\/\",\"url\":\"https:\\\/\\\/letzeburger.lu\\\/lu\\\/kontakt\\\/\",\"name\":\"Kontakt - L\u00ebtzeBurger - Foodtruck Burger Luxembourg\",\"isPartOf\":{\"@id\":\"https:\\\/\\\/letzeburger.lu\\\/lu\\\/#website\"},\"datePublished\":\"2022-12-22T15:05:12+00:00\",\"dateModified\":\"2023-01-17T16:39:17+00:00\",\"description\":\"Mir si fir Iech do iwwer Telefon, Mail oder d\u2019sozial Medien. Dir k\u00ebnnt och de Formul\u00e4r hei \u00ebnnen ausf\u00ebllen.\",\"breadcrumb\":{\"@id\":\"https:\\\/\\\/letzeburger.lu\\\/lu\\\/kontakt\\\/#breadcrumb\"},\"inLanguage\":\"lb-LU\",\"potentialAction\":[{\"@type\":\"ReadAction\",\"target\":[\"https:\\\/\\\/letzeburger.lu\\\/lu\\\/kontakt\\\/\"]}]},{\"@type\":\"BreadcrumbList\",\"@id\":\"https:\\\/\\\/letzeburger.lu\\\/lu\\\/kontakt\\\/#breadcrumb\",\"itemListElement\":[{\"@type\":\"ListItem\",\"position\":1,\"name\":\"Home\",\"item\":\"https:\\\/\\\/letzeburger.lu\\\/lu\\\/\"},{\"@type\":\"ListItem\",\"position\":2,\"name\":\"Kontakt\"}]},{\"@type\":\"WebSite\",\"@id\":\"https:\\\/\\\/letzeburger.lu\\\/lu\\\/#website\",\"url\":\"https:\\\/\\\/letzeburger.lu\\\/lu\\\/\",\"name\":\"L\u00ebtzeBurger\",\"description\":\"Foodtruck Burger Luxembourg\",\"publisher\":{\"@id\":\"https:\\\/\\\/letzeburger.lu\\\/lu\\\/#organization\"},\"potentialAction\":[{\"@type\":\"SearchAction\",\"target\":{\"@type\":\"EntryPoint\",\"urlTemplate\":\"https:\\\/\\\/letzeburger.lu\\\/lu\\\/?s={search_term_string}\"},\"query-input\":{\"@type\":\"PropertyValueSpecification\",\"valueRequired\":true,\"valueName\":\"search_term_string\"}}],\"inLanguage\":\"lb-LU\"},{\"@type\":\"Organization\",\"@id\":\"https:\\\/\\\/letzeburger.lu\\\/lu\\\/#organization\",\"name\":\"L\u00ebtzeBurger\",\"url\":\"https:\\\/\\\/letzeburger.lu\\\/lu\\\/\",\"logo\":{\"@type\":\"ImageObject\",\"inLanguage\":\"lb-LU\",\"@id\":\"https:\\\/\\\/letzeburger.lu\\\/lu\\\/#\\\/schema\\\/logo\\\/image\\\/\",\"url\":\"https:\\\/\\\/letzeburger.lu\\\/wp-content\\\/uploads\\\/2022\\\/12\\\/letzeburger-logo-sd.png\",\"contentUrl\":\"https:\\\/\\\/letzeburger.lu\\\/wp-content\\\/uploads\\\/2022\\\/12\\\/letzeburger-logo-sd.png\",\"width\":584,\"height\":584,\"caption\":\"L\u00ebtzeBurger\"},\"image\":{\"@id\":\"https:\\\/\\\/letzeburger.lu\\\/lu\\\/#\\\/schema\\\/logo\\\/image\\\/\"},\"sameAs\":[\"https:\\\/\\\/www.facebook.com\\\/LetzeBurger-198619980881559\\\/\",\"https:\\\/\\\/x.com\\\/letzeburger69\",\"https:\\\/\\\/www.instagram.com\\\/letzeburger\\\/?hl=en\"]}]}<\/script>\n<!-- \/ Yoast SEO plugin. -->","yoast_head_json":{"title":"Kontakt - L\u00ebtzeBurger - Foodtruck Burger Luxembourg","description":"Mir si fir Iech do iwwer Telefon, Mail oder d\u2019sozial Medien. Dir k\u00ebnnt och de Formul\u00e4r hei \u00ebnnen ausf\u00ebllen.","robots":{"index":"index","follow":"follow","max-snippet":"max-snippet:-1","max-image-preview":"max-image-preview:large","max-video-preview":"max-video-preview:-1"},"canonical":"https:\/\/letzeburger.lu\/lu\/kontakt\/","og_locale":"en_US","og_type":"article","og_title":"Kontakt - L\u00ebtzeBurger - Foodtruck Burger Luxembourg","og_description":"Mir si fir Iech do iwwer Telefon, Mail oder d\u2019sozial Medien. Dir k\u00ebnnt och de Formul\u00e4r hei \u00ebnnen ausf\u00ebllen.","og_url":"https:\/\/letzeburger.lu\/lu\/kontakt\/","og_site_name":"L\u00ebtzeBurger","article_publisher":"https:\/\/www.facebook.com\/LetzeBurger-198619980881559\/","article_modified_time":"2023-01-17T16:39:17+00:00","og_image":[{"width":584,"height":584,"url":"https:\/\/letzeburger.lu\/wp-content\/uploads\/2022\/12\/letzeburger-logo-sd.png","type":"image\/png"}],"twitter_card":"summary_large_image","twitter_site":"@letzeburger69","schema":{"@context":"https:\/\/schema.org","@graph":[{"@type":"WebPage","@id":"https:\/\/letzeburger.lu\/lu\/kontakt\/","url":"https:\/\/letzeburger.lu\/lu\/kontakt\/","name":"Kontakt - L\u00ebtzeBurger - Foodtruck Burger Luxembourg","isPartOf":{"@id":"https:\/\/letzeburger.lu\/lu\/#website"},"datePublished":"2022-12-22T15:05:12+00:00","dateModified":"2023-01-17T16:39:17+00:00","description":"Mir si fir Iech do iwwer Telefon, Mail oder d\u2019sozial Medien. Dir k\u00ebnnt och de Formul\u00e4r hei \u00ebnnen ausf\u00ebllen.","breadcrumb":{"@id":"https:\/\/letzeburger.lu\/lu\/kontakt\/#breadcrumb"},"inLanguage":"lb-LU","potentialAction":[{"@type":"ReadAction","target":["https:\/\/letzeburger.lu\/lu\/kontakt\/"]}]},{"@type":"BreadcrumbList","@id":"https:\/\/letzeburger.lu\/lu\/kontakt\/#breadcrumb","itemListElement":[{"@type":"ListItem","position":1,"name":"Home","item":"https:\/\/letzeburger.lu\/lu\/"},{"@type":"ListItem","position":2,"name":"Kontakt"}]},{"@type":"WebSite","@id":"https:\/\/letzeburger.lu\/lu\/#website","url":"https:\/\/letzeburger.lu\/lu\/","name":"L\u00ebtzeBurger","description":"Foodtruck Burger Luxembourg","publisher":{"@id":"https:\/\/letzeburger.lu\/lu\/#organization"},"potentialAction":[{"@type":"SearchAction","target":{"@type":"EntryPoint","urlTemplate":"https:\/\/letzeburger.lu\/lu\/?s={search_term_string}"},"query-input":{"@type":"PropertyValueSpecification","valueRequired":true,"valueName":"search_term_string"}}],"inLanguage":"lb-LU"},{"@type":"Organization","@id":"https:\/\/letzeburger.lu\/lu\/#organization","name":"L\u00ebtzeBurger","url":"https:\/\/letzeburger.lu\/lu\/","logo":{"@type":"ImageObject","inLanguage":"lb-LU","@id":"https:\/\/letzeburger.lu\/lu\/#\/schema\/logo\/image\/","url":"https:\/\/letzeburger.lu\/wp-content\/uploads\/2022\/12\/letzeburger-logo-sd.png","contentUrl":"https:\/\/letzeburger.lu\/wp-content\/uploads\/2022\/12\/letzeburger-logo-sd.png","width":584,"height":584,"caption":"L\u00ebtzeBurger"},"image":{"@id":"https:\/\/letzeburger.lu\/lu\/#\/schema\/logo\/image\/"},"sameAs":["https:\/\/www.facebook.com\/LetzeBurger-198619980881559\/","https:\/\/x.com\/letzeburger69","https:\/\/www.instagram.com\/letzeburger\/?hl=en"]}]}},"_links":{"self":[{"href":"https:\/\/letzeburger.lu\/lu\/wp-json\/wp\/v2\/pages\/1518","targetHints":{"allow":["GET"]}}],"collection":[{"href":"https:\/\/letzeburger.lu\/lu\/wp-json\/wp\/v2\/pages"}],"about":[{"href":"https:\/\/letzeburger.lu\/lu\/wp-json\/wp\/v2\/types\/page"}],"author":[{"embeddable":true,"href":"https:\/\/letzeburger.lu\/lu\/wp-json\/wp\/v2\/users\/1"}],"replies":[{"embeddable":true,"href":"https:\/\/letzeburger.lu\/lu\/wp-json\/wp\/v2\/comments?post=1518"}],"version-history":[{"count":0,"href":"https:\/\/letzeburger.lu\/lu\/wp-json\/wp\/v2\/pages\/1518\/revisions"}],"wp:attachment":[{"href":"https:\/\/letzeburger.lu\/lu\/wp-json\/wp\/v2\/media?parent=1518"}],"curies":[{"name":"wp","href":"https:\/\/api.w.org\/{rel}","templated":true}]}}